
{"id":231,"date":"2022-11-19T18:56:20","date_gmt":"2022-11-20T02:56:20","guid":{"rendered":"http:\/\/apps.esntech.com\/?post_type=product&#038;p=231"},"modified":"2022-11-19T18:58:17","modified_gmt":"2022-11-20T02:58:17","slug":"well-this-is-exhausting-sc-used-good","status":"publish","type":"product","link":"https:\/\/apps.esntech.com\/?product=well-this-is-exhausting-sc-used-good","title":{"rendered":"Well, This Is Exhausting (HC) &#8211; Used (Good)"},"content":{"rendered":"<p>GQ sex columnist Benoit debuts with a riotous collection of essays illuminating her rocky path to self-acceptance. More than anything, she notes, \u00e2It\u00e2s the story of how I learned how to be good for myself rather than for other people.\u00e2 Starting with her 1990s childhood, Benoit writes candidly about her life as an overachieving youth in Kirkwood, Mo.; her years as a worrisome college student; and her eventual transformation to burgeoning young feminist. <\/p>\n<p>After her parents divorced when she was young, she and her sister bounced back and forth between their mom and dad\u00e2s lofty expectations, which always caused \u00e2a film of blame.\u00e2 This led to extraordinary anxiety for Benoit, which followed her throughout her adolescence, as she aimed to please everyone but herself. But after trying everything from reinventing herself as a \u00e2chill girl\u00e2 working at a hockey warehouse to being a beta tester in college for the dating app Bumble\u00e2which was \u00e2full of filthy-hot men\u00e2\u00e2she discovered Twitter and an army of female comedians railing against lousy dudes and finally realized a man\u00e2s approval wasn\u00e2t all it\u00e2s cracked up to be. \u00e2I had reached another plane of existence and that existence was \u00e2If you fucking speak to me, I\u00e2ll murder you.\u00e2\u00e2\u00e2 Heartening and hilarious, this is prime summer reading material.<\/p>\n<p>Product details<\/p>\n<p>    Author :    Sophia Benoit<br \/>\n    Publisher \u200f : \u200e Gallery Books (July 13, 2021)<br \/>\n    Language \u200f : \u200e English<br \/>\n    Hardcover \u200f : \u200e 336 pages<br \/>\n    ISBN-10 \u200f : \u200e 1982151935<br \/>\n    ISBN-13 \u200f : \u200e 978-1982151935<br \/>\n    Item Weight \u200f : \u200e 1.1 pounds<br \/>\n    Dimensions \u200f : \u200e 6 x 1.2 x 9 inches<\/p>\n","protected":false},"excerpt":{"rendered":"<p>GQ sex columnist Benoit debuts with a riotous collection of essays illuminating her rocky path&#8230;<\/p>\n","protected":false},"featured_media":234,"comment_status":"open","ping_status":"closed","template":"","meta":{"episode_type":"","audio_file":"","podmotor_file_id":"","podmotor_episode_id":"","cover_image":"","cover_image_id":"","duration":"","filesize":"","filesize_raw":"","date_recorded":"","explicit":"","block":"","itunes_episode_number":"","itunes_title":"","itunes_season_number":"","itunes_episode_type":"","_glsr_average":0,"_glsr_ranking":0,"_glsr_reviews":0,"jetpack_publicize_message":"","jetpack_publicize_feature_enabled":true,"jetpack_social_post_already_shared":true,"jetpack_social_options":{"image_generator_settings":{"template":"highway","default_image_id":0,"font":"","enabled":false},"version":2}},"product_brand":[],"product_cat":[48],"product_tag":[],"class_list":{"0":"post-231","1":"product","2":"type-product","3":"status-publish","4":"has-post-thumbnail","6":"product_cat-adult-romance","8":"first","9":"instock","10":"taxable","11":"shipping-taxable","12":"purchasable","13":"product-type-simple"},"a3_pvc":{"activated":false,"total_views":0,"today_views":0},"yoast_head":"<!-- This site is optimized with the Yoast SEO plugin v27.4 - https:\/\/yoast.com\/product\/yoast-seo-wordpress\/ -->\n<title>Well, This Is Exhausting (HC) - Used (Good) - Engineered Products &amp; Technology L.L.C.<\/title>\n<meta name=\"robots\" content=\"index, follow, max-snippet:-1, max-image-preview:large, max-video-preview:-1\" \/>\n<link rel=\"canonical\" href=\"https:\/\/apps.esntech.com\/?product=well-this-is-exhausting-sc-used-good\" \/>\n<meta property=\"og:locale\" content=\"en_US\" \/>\n<meta property=\"og:type\" content=\"article\" \/>\n<meta property=\"og:title\" content=\"Well, This Is Exhausting (HC) - Used (Good) - Engineered Products &amp; Technology L.L.C.\" \/>\n<meta property=\"og:description\" content=\"GQ sex columnist Benoit debuts with a riotous collection of essays illuminating her rocky path...\" \/>\n<meta property=\"og:url\" content=\"https:\/\/apps.esntech.com\/?product=well-this-is-exhausting-sc-used-good\" \/>\n<meta property=\"og:site_name\" content=\"Engineered Products &amp; Technology L.L.C.\" \/>\n<meta property=\"article:modified_time\" content=\"2022-11-20T02:58:17+00:00\" \/>\n<meta property=\"og:image\" content=\"https:\/\/apps.esntech.com\/wp-content\/uploads\/2022\/11\/exhausting-1.jpg\" \/>\n\t<meta property=\"og:image:width\" content=\"204\" \/>\n\t<meta property=\"og:image:height\" content=\"247\" \/>\n\t<meta property=\"og:image:type\" content=\"image\/jpeg\" \/>\n<meta name=\"twitter:card\" content=\"summary_large_image\" \/>\n<meta name=\"twitter:label1\" content=\"Est. reading time\" \/>\n\t<meta name=\"twitter:data1\" content=\"2 minutes\" \/>\n<script type=\"application\/ld+json\" class=\"yoast-schema-graph\">{\"@context\":\"https:\\\/\\\/schema.org\",\"@graph\":[{\"@type\":\"WebPage\",\"@id\":\"https:\\\/\\\/apps.esntech.com\\\/?product=well-this-is-exhausting-sc-used-good\",\"url\":\"https:\\\/\\\/apps.esntech.com\\\/?product=well-this-is-exhausting-sc-used-good\",\"name\":\"Well, This Is Exhausting (HC) - Used (Good) - Engineered Products &amp; Technology L.L.C.\",\"isPartOf\":{\"@id\":\"http:\\\/\\\/apps.esntech.com\\\/#website\"},\"primaryImageOfPage\":{\"@id\":\"https:\\\/\\\/apps.esntech.com\\\/?product=well-this-is-exhausting-sc-used-good#primaryimage\"},\"image\":{\"@id\":\"https:\\\/\\\/apps.esntech.com\\\/?product=well-this-is-exhausting-sc-used-good#primaryimage\"},\"thumbnailUrl\":\"https:\\\/\\\/apps.esntech.com\\\/wp-content\\\/uploads\\\/2022\\\/11\\\/exhausting-1.jpg\",\"datePublished\":\"2022-11-20T02:56:20+00:00\",\"dateModified\":\"2022-11-20T02:58:17+00:00\",\"breadcrumb\":{\"@id\":\"https:\\\/\\\/apps.esntech.com\\\/?product=well-this-is-exhausting-sc-used-good#breadcrumb\"},\"inLanguage\":\"en-US\",\"potentialAction\":[{\"@type\":\"ReadAction\",\"target\":[\"https:\\\/\\\/apps.esntech.com\\\/?product=well-this-is-exhausting-sc-used-good\"]}]},{\"@type\":\"ImageObject\",\"inLanguage\":\"en-US\",\"@id\":\"https:\\\/\\\/apps.esntech.com\\\/?product=well-this-is-exhausting-sc-used-good#primaryimage\",\"url\":\"https:\\\/\\\/apps.esntech.com\\\/wp-content\\\/uploads\\\/2022\\\/11\\\/exhausting-1.jpg\",\"contentUrl\":\"https:\\\/\\\/apps.esntech.com\\\/wp-content\\\/uploads\\\/2022\\\/11\\\/exhausting-1.jpg\",\"width\":204,\"height\":247},{\"@type\":\"BreadcrumbList\",\"@id\":\"https:\\\/\\\/apps.esntech.com\\\/?product=well-this-is-exhausting-sc-used-good#breadcrumb\",\"itemListElement\":[{\"@type\":\"ListItem\",\"position\":1,\"name\":\"Home\",\"item\":\"http:\\\/\\\/apps.esntech.com\\\/\"},{\"@type\":\"ListItem\",\"position\":2,\"name\":\"e-Mall\",\"item\":\"https:\\\/\\\/apps.esntech.com\\\/?page_id=8\"},{\"@type\":\"ListItem\",\"position\":3,\"name\":\"Well, This Is Exhausting (HC) &#8211; Used (Good)\"}]},{\"@type\":\"WebSite\",\"@id\":\"http:\\\/\\\/apps.esntech.com\\\/#website\",\"url\":\"http:\\\/\\\/apps.esntech.com\\\/\",\"name\":\"Engineered Products &amp; Technology L.L.C.\",\"description\":\"Committed to Building Better Products !!!\",\"potentialAction\":[{\"@type\":\"SearchAction\",\"target\":{\"@type\":\"EntryPoint\",\"urlTemplate\":\"http:\\\/\\\/apps.esntech.com\\\/?s={search_term_string}\"},\"query-input\":{\"@type\":\"PropertyValueSpecification\",\"valueRequired\":true,\"valueName\":\"search_term_string\"}}],\"inLanguage\":\"en-US\"}]}<\/script>\n<!-- \/ Yoast SEO plugin. -->","yoast_head_json":{"title":"Well, This Is Exhausting (HC) - Used (Good) - Engineered Products &amp; Technology L.L.C.","robots":{"index":"index","follow":"follow","max-snippet":"max-snippet:-1","max-image-preview":"max-image-preview:large","max-video-preview":"max-video-preview:-1"},"canonical":"https:\/\/apps.esntech.com\/?product=well-this-is-exhausting-sc-used-good","og_locale":"en_US","og_type":"article","og_title":"Well, This Is Exhausting (HC) - Used (Good) - Engineered Products &amp; Technology L.L.C.","og_description":"GQ sex columnist Benoit debuts with a riotous collection of essays illuminating her rocky path...","og_url":"https:\/\/apps.esntech.com\/?product=well-this-is-exhausting-sc-used-good","og_site_name":"Engineered Products &amp; Technology L.L.C.","article_modified_time":"2022-11-20T02:58:17+00:00","og_image":[{"width":204,"height":247,"url":"https:\/\/apps.esntech.com\/wp-content\/uploads\/2022\/11\/exhausting-1.jpg","type":"image\/jpeg"}],"twitter_card":"summary_large_image","twitter_misc":{"Est. reading time":"2 minutes"},"schema":{"@context":"https:\/\/schema.org","@graph":[{"@type":"WebPage","@id":"https:\/\/apps.esntech.com\/?product=well-this-is-exhausting-sc-used-good","url":"https:\/\/apps.esntech.com\/?product=well-this-is-exhausting-sc-used-good","name":"Well, This Is Exhausting (HC) - Used (Good) - Engineered Products &amp; Technology L.L.C.","isPartOf":{"@id":"http:\/\/apps.esntech.com\/#website"},"primaryImageOfPage":{"@id":"https:\/\/apps.esntech.com\/?product=well-this-is-exhausting-sc-used-good#primaryimage"},"image":{"@id":"https:\/\/apps.esntech.com\/?product=well-this-is-exhausting-sc-used-good#primaryimage"},"thumbnailUrl":"https:\/\/apps.esntech.com\/wp-content\/uploads\/2022\/11\/exhausting-1.jpg","datePublished":"2022-11-20T02:56:20+00:00","dateModified":"2022-11-20T02:58:17+00:00","breadcrumb":{"@id":"https:\/\/apps.esntech.com\/?product=well-this-is-exhausting-sc-used-good#breadcrumb"},"inLanguage":"en-US","potentialAction":[{"@type":"ReadAction","target":["https:\/\/apps.esntech.com\/?product=well-this-is-exhausting-sc-used-good"]}]},{"@type":"ImageObject","inLanguage":"en-US","@id":"https:\/\/apps.esntech.com\/?product=well-this-is-exhausting-sc-used-good#primaryimage","url":"https:\/\/apps.esntech.com\/wp-content\/uploads\/2022\/11\/exhausting-1.jpg","contentUrl":"https:\/\/apps.esntech.com\/wp-content\/uploads\/2022\/11\/exhausting-1.jpg","width":204,"height":247},{"@type":"BreadcrumbList","@id":"https:\/\/apps.esntech.com\/?product=well-this-is-exhausting-sc-used-good#breadcrumb","itemListElement":[{"@type":"ListItem","position":1,"name":"Home","item":"http:\/\/apps.esntech.com\/"},{"@type":"ListItem","position":2,"name":"e-Mall","item":"https:\/\/apps.esntech.com\/?page_id=8"},{"@type":"ListItem","position":3,"name":"Well, This Is Exhausting (HC) &#8211; Used (Good)"}]},{"@type":"WebSite","@id":"http:\/\/apps.esntech.com\/#website","url":"http:\/\/apps.esntech.com\/","name":"Engineered Products &amp; Technology L.L.C.","description":"Committed to Building Better Products !!!","potentialAction":[{"@type":"SearchAction","target":{"@type":"EntryPoint","urlTemplate":"http:\/\/apps.esntech.com\/?s={search_term_string}"},"query-input":{"@type":"PropertyValueSpecification","valueRequired":true,"valueName":"search_term_string"}}],"inLanguage":"en-US"}]}},"jetpack_publicize_connections":[],"jetpack_sharing_enabled":true,"post_mailing_queue_ids":[],"_links":{"self":[{"href":"https:\/\/apps.esntech.com\/index.php?rest_route=\/wp\/v2\/product\/231","targetHints":{"allow":["GET"]}}],"collection":[{"href":"https:\/\/apps.esntech.com\/index.php?rest_route=\/wp\/v2\/product"}],"about":[{"href":"https:\/\/apps.esntech.com\/index.php?rest_route=\/wp\/v2\/types\/product"}],"replies":[{"embeddable":true,"href":"https:\/\/apps.esntech.com\/index.php?rest_route=%2Fwp%2Fv2%2Fcomments&post=231"}],"wp:featuredmedia":[{"embeddable":true,"href":"https:\/\/apps.esntech.com\/index.php?rest_route=\/wp\/v2\/media\/234"}],"wp:attachment":[{"href":"https:\/\/apps.esntech.com\/index.php?rest_route=%2Fwp%2Fv2%2Fmedia&parent=231"}],"wp:term":[{"taxonomy":"product_brand","embeddable":true,"href":"https:\/\/apps.esntech.com\/index.php?rest_route=%2Fwp%2Fv2%2Fproduct_brand&post=231"},{"taxonomy":"product_cat","embeddable":true,"href":"https:\/\/apps.esntech.com\/index.php?rest_route=%2Fwp%2Fv2%2Fproduct_cat&post=231"},{"taxonomy":"product_tag","embeddable":true,"href":"https:\/\/apps.esntech.com\/index.php?rest_route=%2Fwp%2Fv2%2Fproduct_tag&post=231"}],"curies":[{"name":"wp","href":"https:\/\/api.w.org\/{rel}","templated":true}]}}